{"id":348,"date":"2021-09-27T08:08:29","date_gmt":"2021-09-27T06:08:29","guid":{"rendered":"https:\/\/optytel.com\/about-optytel\/"},"modified":"2021-10-14T13:08:30","modified_gmt":"2021-10-14T11:08:30","slug":"about-optytel","status":"publish","type":"page","link":"https:\/\/optytel.com\/en\/about-optytel\/","title":{"rendered":"About Optytel"},"content":{"rendered":"<div class=\"wpb-content-wrapper\"><p>[vc_row type=&#8221;full-nopad&#8221;][vc_column]\r\n\t\t\t<div class=\"nm-banner content-full image-type-css text-color-light subtitle-below\" style=\"\"><div class=\"nm-banner-image\" style=\" min-height:500px; background-image:url(https:\/\/optytel.com\/wp-content\/uploads\/2021\/09\/annie-spratt-sggw4-qDD54-unsplash.jpg);\"><\/div>\r\n\t\t\t\t<div class=\"nm-banner-content\">\r\n\t\t\t\t\t<div class=\"nm-banner-content-inner h_center v_center align_center\">\r\n\t\t\t\t\t\t<div class=\"nm-banner-text medium\" style=\"max-width:60%;\">\r\n\t\t\t\t\t\t\t<div class=\"nm-banner-text-inner\"><h1 class=\"nm-banner-title\">Who are the people behind Optytel? What are its motivations and strengths?<\/h1><\/div>\r\n\t\t\t\t\t\t<\/div>\r\n\t\t\t\t\t<\/div>\r\n\t\t\t\t<\/div>\r\n\t\t\t<\/div>[\/vc_column][\/vc_row][vc_row][vc_column][vc_empty_space height=&#8221;70px&#8221;][\/vc_column][\/vc_row][vc_row type=&#8221;boxed&#8221;][vc_column width=&#8221;1\/3&#8243; el_class=&#8221;card-bio&#8221;][vc_single_image image=&#8221;395&#8243; img_size=&#8221;220&#215;220&#8243; alignment=&#8221;center&#8221; style=&#8221;vc_box_circle_2&#8243;][vc_empty_space][vc_column_text]Fr\u00e9d\u00e9ric is a qualified economist, trained at the Universit\u00e9 Catholique de Louvain. Before joining Orange Business Services, as Global Account Manager, in 2000, he worked for Computacenter and ECS. In 2008, he took the plunge and started CYC2, the company that includes Optytel.[\/vc_column_text][\/vc_column][vc_column width=&#8221;1\/3&#8243; el_class=&#8221;card-bio&#8221;][vc_single_image image=&#8221;393&#8243; img_size=&#8221;220&#215;220&#8243; alignment=&#8221;center&#8221; style=&#8221;vc_box_circle_2&#8243;][vc_empty_space][vc_column_text]Charles holds a PhD in civil engineering from the Universit\u00e9 Libre de Bruxelles. He has worked for the Orange group and Proximus. He was responsible for the first MVNOs in Belgium through the creation of a business unit at KPN-Orange. For CYC2, he developed the core of the company&#8217;s services. In 2009, he was appointed to the BIPT Council, a position he held until 2017. In 2018, while continuing to provide support to CYC2, he took up the position of Chief Information Security Officer at Belfius.[\/vc_column_text][\/vc_column][vc_column width=&#8221;1\/3&#8243; el_class=&#8221;card-bio&#8221;][vc_single_image image=&#8221;397&#8243; img_size=&#8221;220&#215;220&#8243; alignment=&#8221;center&#8221; style=&#8221;vc_box_circle_2&#8243;][vc_empty_space][vc_column_text]Jean-Pierre has a civil engineering degree from the Universit\u00e9 Libre de Bruxelles. He has worked for ING and IBM, going on to found his first company, which has since been sold. He then created a second one in which he is also a partner.[\/vc_column_text][\/vc_column][\/vc_row][vc_row][vc_column][vc_empty_space height=&#8221;70px&#8221;][\/vc_column][\/vc_row][vc_row type=&#8221;full-nopad&#8221; css=&#8221;.vc_custom_1631700602768{padding-top: 100px !important;padding-bottom: 100px !important;background-image: url(https:\/\/optytel.com\/wp-content\/uploads\/2021\/09\/front-view-hand-holding-smartphone.jpg?id=218) !important;background-position: center !important;background-repeat: no-repeat !important;background-size: cover !important;}&#8221;][vc_column width=&#8221;4\/12&#8243;][vc_single_image image=&#8221;438&#8243; img_size=&#8221;full&#8221; el_class=&#8221;hide-on-desk&#8221;][\/vc_column][vc_column width=&#8221;6\/12&#8243; css=&#8221;.vc_custom_1631700619726{padding-left: 60px !important;}&#8221;][vc_column_text]<\/p>\n<h2>Optytel\u2019s passion: managing your mobile telecoms for you<\/h2>\n<p><span style=\"font-weight: 400;\">With almost 15 years of experience, Optytel has observed a real <\/span><b>transformation<\/b><span style=\"font-weight: 400;\"> and significant diversification <\/span><b>in the technologies and offerings of providers<\/b><span style=\"font-weight: 400;\">. As a result, <\/span><b>management of mobile telecommunications <\/b><span style=\"font-weight: 400;\">has become a <\/span><b>business<\/b><span style=\"font-weight: 400;\"> in its own right. It\u2019s what we do!<\/span><\/p>\n<p><span style=\"font-weight: 400;\">We <\/span><b>assist, support and advise<\/b><span style=\"font-weight: 400;\"> large companies like yours by optimising their <\/span><b>mobile telephone usage<\/b><span style=\"font-weight: 400;\">. With this management taken care of, you can focus on your core business and no longer worry about telecoms or their increasing complexity.<\/span><\/p>\n<h2>Find the right telecoms offering for you<\/h2>\n<p><span style=\"font-weight: 400;\">Thanks to <\/span><b>our experts and know-how<\/b><span style=\"font-weight: 400;\">, you <\/span><b>benefit from best practice<\/b><span style=\"font-weight: 400;\"> regarding the matching of your needs and usage with the offers and latest technologies on the market.<\/span><\/p>\n<p><span style=\"font-weight: 400;\">The return on investment (ROI) from our services is extremely rapid and allows you to control your telecom budgets and, at the same time, generate <\/span><b>savings<\/b> <b>of 20% to 40%.<\/b>[\/vc_column_text][\/vc_column][vc_column width=&#8221;2\/12&#8243;][\/vc_column][\/vc_row][vc_row][vc_column][vc_empty_space height=&#8221;70px&#8221;][\/vc_column][\/vc_row][vc_row type=&#8221;boxed&#8221;][vc_column][vc_column_text]<\/p>\n<h2 style=\"text-align: center;\">The founding values of the Optytel spirit<\/h2>\n<p>[\/vc_column_text][\/vc_column][\/vc_row][vc_row][vc_column][vc_empty_space height=&#8221;40px&#8221;][\/vc_column][\/vc_row][vc_row type=&#8221;boxed&#8221; content_placement=&#8221;middle&#8221;][vc_column width=&#8221;1\/2&#8243;][vc_column_text]<\/p>\n<h3>Efficiency<\/h3>\n<p><span style=\"font-weight: 400;\">We are constantly seeking greater efficiency. Attention to detail is at the heart of everything we do. <\/span><b>Quality is essential<\/b><span style=\"font-weight: 400;\">, there\u2019s no room for guesswork. We must always do our best for our customers. All the assumptions we make are carefully considered and the consequences assessed with a <\/span><b>constant focus on efficiency<\/b><span style=\"font-weight: 400;\">.<\/span><\/p>\n<h3>Pragmatism<\/h3>\n<p><span style=\"font-weight: 400;\">We work to deliver <\/span><b>compelling results<\/b><span style=\"font-weight: 400;\"> and to achieve our objectives. We seek to generate value when carrying out assignments for our customers. We are only satisfied when delivering <\/span><b>concrete results<\/b><span style=\"font-weight: 400;\">, where everything has been thought through, where all actions have been considered so that the customer derives the maximum benefit.<\/span>[\/vc_column_text][\/vc_column][vc_column width=&#8221;1\/2&#8243;][vc_single_image image=&#8221;275&#8243; img_size=&#8221;full&#8221;][\/vc_column][\/vc_row][vc_row][vc_column][vc_empty_space height=&#8221;70px&#8221;][\/vc_column][\/vc_row][vc_row type=&#8221;boxed&#8221; content_placement=&#8221;middle&#8221;][vc_column width=&#8221;1\/2&#8243;][vc_single_image image=&#8221;335&#8243; img_size=&#8221;full&#8221;][\/vc_column][vc_column width=&#8221;1\/2&#8243;][vc_column_text]<\/p>\n<h3>Cordiality<\/h3>\n<p><span style=\"font-weight: 400;\">Our <\/span><b>accessibility<\/b><span style=\"font-weight: 400;\"> encourages <\/span><b>interaction<\/b><span style=\"font-weight: 400;\"> and this allows us, both within the company and with our customers, to find the best solutions. We are cordial and <\/span><b>professional<\/b><span style=\"font-weight: 400;\"> at all times. Listening, advising, reassuring and explaining is what we do every day.<\/span><\/p>\n<h3>Education<\/h3>\n<p><span style=\"font-weight: 400;\">Being understood is essential. We are aware that our know-how and expertise is sometimes difficult to assimilate, which is why it is essential that we express ourselves in <\/span><b>understandable terms<\/b><span style=\"font-weight: 400;\"> so that you can fully enjoy and appreciate the products and services offered.<\/span>[\/vc_column_text][\/vc_column][\/vc_row][vc_row][vc_column][vc_empty_space height=&#8221;70px&#8221;][\/vc_column][\/vc_row][vc_row type=&#8221;boxed&#8221;][vc_column width=&#8221;1\/6&#8243;][\/vc_column][vc_column width=&#8221;2\/3&#8243;][vc_column_text]<\/p>\n<h2 style=\"text-align: center;\">The lifeblood of Optytel<\/h2>\n<p><b>Pure talent: <\/b><span style=\"font-weight: 400;\">Our team consists of <\/span><b>operational experts<\/b><span style=\"font-weight: 400;\">, each specialising in a specific field: <\/span><b>telecoms analysts<\/b><span style=\"font-weight: 400;\">, <\/span><b>IT specialists <\/b><span style=\"font-weight: 400;\">and <\/span><b>developers<\/b><span style=\"font-weight: 400;\">, <\/span><b>business analysts<\/b><span style=\"font-weight: 400;\"> and <\/span><b>Power BI experts<\/b><span style=\"font-weight: 400;\">.<\/span>[\/vc_column_text][\/vc_column][vc_column width=&#8221;1\/6&#8243;][\/vc_column][\/vc_row][vc_row][vc_column][vc_empty_space height=&#8221;70px&#8221;][\/vc_column][\/vc_row][vc_row type=&#8221;boxed&#8221; content_placement=&#8221;middle&#8221;][vc_column width=&#8221;1\/2&#8243;][vc_column_text]<\/p>\n<h3>Proven methodology<\/h3>\n<p><span style=\"font-weight: 400;\">Our precise and effective methodology has been continuously expanded since the creation of the company in 2008. We have created a <\/span><b>library of standard documents<\/b><span style=\"font-weight: 400;\"> (audits, analysis reports, recommendations, specifications, etc.) that allows us to deliver our products and services quickly without compromising quality.<\/span><\/p>\n<h3>Our tool<\/h3>\n<p><span style=\"font-weight: 400;\">Our \u201cTetris\u201d application, the veritable foundation of our mobile phone optimisation services, has been continuously improved over the years. This solution enables us to maintain a high level of quality, while <\/span><b>automating all tasks that can be automated<\/b><span style=\"font-weight: 400;\"> to <\/span><b>reduce<\/b><span style=\"font-weight: 400;\"> the <\/span><b>risk of errors<\/b><span style=\"font-weight: 400;\"> as much as possible.<\/span>[\/vc_column_text][\/vc_column][vc_column width=&#8221;1\/2&#8243;][vc_single_image image=&#8221;337&#8243; img_size=&#8221;full&#8221;][\/vc_column][\/vc_row][vc_row][vc_column][vc_empty_space height=&#8221;70px&#8221;][\/vc_column][\/vc_row][vc_row css=&#8221;.vc_custom_1631605637887{padding-top: 120px !important;padding-right: 60px !important;padding-bottom: 120px !important;padding-left: 60px !important;background-color: #0a81d9 !important;}&#8221; el_class=&#8221;contact-holder&#8221; el_id=&#8221;contact-form&#8221;][vc_column][vc_row_inner][vc_column_inner el_class=&#8221;text-white&#8221; width=&#8221;1\/2&#8243;][vc_column_text el_class=&#8221;white-txt&#8221; css=&#8221;.vc_custom_1627121082307{padding-right: 80px !important;}&#8221;]<!-- Widget Shortcode --><div id=\"text-4\" class=\"widget widget_text widget-shortcode area-arbitrary \">\t\t\t<div class=\"textwidget\"><h3>Let&#8217;s meet!<\/h3>\n<p>A question ? Want to better understand our products and services? Let&#8217;s meet up ! Tell us what you prefer: stop by us or welcome us to your company.<\/p>\n<p>&nbsp;<\/p>\n<h4>Optytel by CYC2<\/h4>\n<p>Chauss\u00e9e de Louvain, 431 (B\u00e2timent E)<br \/>\nB-1380 Lasne | Belgium<\/p>\n<p>Phone : <a href=\"tel:+ 32 (0)2 851 00 10\">+ 32 (0)2 851 00 10<\/a><br \/>\nE-mail : <a href=\"mailto:info@optytel.com\">info@optytel.com<\/a><\/p>\n<\/div>\n\t\t<\/div><!-- \/Widget Shortcode -->[\/vc_column_text][\/vc_column_inner][vc_column_inner width=&#8221;1\/2&#8243;]<div class=\"wpforms-container wpforms-container-full\" id=\"wpforms-63\"><form id=\"wpforms-form-63\" class=\"wpforms-validate wpforms-form wpforms-ajax-form\" data-formid=\"63\" method=\"post\" enctype=\"multipart\/form-data\" action=\"\/en\/wp-json\/wp\/v2\/pages\/348\" data-token=\"bdc454ed36327ab59967c8eea0b96285\" data-token-time=\"1777577378\"><noscript class=\"wpforms-error-noscript\">Please enable JavaScript in your browser to complete this form.<\/noscript><div class=\"wpforms-field-container\"><div id=\"wpforms-63-field_0-container\" class=\"wpforms-field wpforms-field-name wpforms-one-half wpforms-first\" data-field-id=\"0\"><label class=\"wpforms-field-label\" for=\"wpforms-63-field_0\">Nom et Pr\u00e9nom <span class=\"wpforms-required-label\">*<\/span><\/label><input type=\"text\" id=\"wpforms-63-field_0\" class=\"wpforms-field-large wpforms-field-required\" name=\"wpforms[fields][0]\" required><\/div><div id=\"wpforms-63-field_1-container\" class=\"wpforms-field wpforms-field-email wpforms-one-half\" data-field-id=\"1\"><label class=\"wpforms-field-label\" for=\"wpforms-63-field_1\">Email <span class=\"wpforms-required-label\">*<\/span><\/label><input type=\"email\" id=\"wpforms-63-field_1\" class=\"wpforms-field-large wpforms-field-required\" name=\"wpforms[fields][1]\" spellcheck=\"false\" required><\/div><div id=\"wpforms-63-field_6-container\" class=\"wpforms-field wpforms-field-text wpforms-one-half wpforms-first\" data-field-id=\"6\"><label class=\"wpforms-field-label\" for=\"wpforms-63-field_6\">Soci\u00e9t\u00e9<\/label><input type=\"text\" id=\"wpforms-63-field_6\" class=\"wpforms-field-large\" name=\"wpforms[fields][6]\" ><\/div><div id=\"wpforms-63-field_5-container\" class=\"wpforms-field wpforms-field-text wpforms-one-half\" data-field-id=\"5\"><label class=\"wpforms-field-label\" for=\"wpforms-63-field_5\">Votre sujet<\/label><input type=\"text\" id=\"wpforms-63-field_5\" class=\"wpforms-field-large\" name=\"wpforms[fields][5]\" ><\/div><div id=\"wpforms-63-field_2-container\" class=\"wpforms-field wpforms-field-textarea\" data-field-id=\"2\"><label class=\"wpforms-field-label\" for=\"wpforms-63-field_2\">Comment or Message <span class=\"wpforms-required-label\">*<\/span><\/label><textarea id=\"wpforms-63-field_2\" class=\"wpforms-field-medium wpforms-field-required\" name=\"wpforms[fields][2]\" required><\/textarea><\/div><\/div><!-- .wpforms-field-container --><div class=\"wpforms-recaptcha-container wpforms-is-recaptcha wpforms-is-recaptcha-type-v3\" ><input type=\"hidden\" name=\"wpforms[recaptcha]\" value=\"\"><\/div><div class=\"wpforms-submit-container\" ><input type=\"hidden\" name=\"wpforms[id]\" value=\"63\"><input type=\"hidden\" name=\"page_title\" value=\"\"><input type=\"hidden\" name=\"page_url\" value=\"https:\/\/optytel.com\/en\/wp-json\/wp\/v2\/pages\/348\"><button type=\"submit\" name=\"wpforms[submit]\" id=\"wpforms-submit-63\" class=\"wpforms-submit\" data-alt-text=\"Envoie...\" data-submit-text=\"Envoyer\" aria-live=\"assertive\" value=\"wpforms-submit\">Envoyer<\/button><img decoding=\"async\" src=\"https:\/\/optytel.com\/wp-content\/plugins\/wpforms-lite\/assets\/images\/submit-spin.svg\" class=\"wpforms-submit-spinner\" style=\"display: none;\" width=\"26\" height=\"26\" alt=\"Loading\"><\/div><\/form><\/div>  <!-- .wpforms-container -->[\/vc_column_inner][\/vc_row_inner][\/vc_column][\/vc_row]<\/p>\n<\/div>","protected":false},"excerpt":{"rendered":"<p>[vc_row type=&#8221;full-nopad&#8221;][vc_column][\/vc_column][\/vc_row][vc_row][vc_column][vc_empty_space height=&#8221;70px&#8221;][\/vc_column][\/vc_row][vc_row type=&#8221;boxed&#8221;][vc_column width=&#8221;1\/3&#8243; el_class=&#8221;card-bio&#8221;][vc_single_image image=&#8221;395&#8243; img_size=&#8221;220&#215;220&#8243; alignment=&#8221;center&#8221; style=&#8221;vc_box_circle_2&#8243;][vc_empty_space][vc_column_text]Fr\u00e9d\u00e9ric is a qualified economist, trained at the Universit\u00e9 Catholique de Louvain. Before joining Orange Business Services, as Global Account Manager, in 2000, he worked for Computacenter and ECS. In 2008, he took the plunge and started CYC2, the company that includes Optytel.[\/vc_column_text][\/vc_column][vc_column width=&#8221;1\/3&#8243; el_class=&#8221;card-bio&#8221;][vc_single_image image=&#8221;393&#8243; &hellip;<\/p>\n","protected":false},"author":1,"featured_media":0,"parent":0,"menu_order":8,"comment_status":"closed","ping_status":"closed","template":"templates\/page-full.php","meta":{"footnotes":""},"class_list":["post-348","page","type-page","status-publish","hentry"],"yoast_head":"<!-- This site is optimized with the Yoast SEO plugin v23.9 - https:\/\/yoast.com\/wordpress\/plugins\/seo\/ -->\n<title>About Optytel - Optytel<\/title>\n<meta name=\"robots\" content=\"index, follow, max-snippet:-1, max-image-preview:large, max-video-preview:-1\" \/>\n<link rel=\"canonical\" href=\"https:\/\/optytel.com\/en\/about-optytel\/\" \/>\n<meta property=\"og:locale\" content=\"en_US\" \/>\n<meta property=\"og:type\" content=\"article\" \/>\n<meta property=\"og:title\" content=\"About Optytel - Optytel\" \/>\n<meta property=\"og:description\" content=\"[vc_row type=&#8221;full-nopad&#8221;][vc_column][\/vc_column][\/vc_row][vc_row][vc_column][vc_empty_space height=&#8221;70px&#8221;][\/vc_column][\/vc_row][vc_row type=&#8221;boxed&#8221;][vc_column width=&#8221;1\/3&#8243; el_class=&#8221;card-bio&#8221;][vc_single_image image=&#8221;395&#8243; img_size=&#8221;220&#215;220&#8243; alignment=&#8221;center&#8221; style=&#8221;vc_box_circle_2&#8243;][vc_empty_space][vc_column_text]Fr\u00e9d\u00e9ric is a qualified economist, trained at the Universit\u00e9 Catholique de Louvain. Before joining Orange Business Services, as Global Account Manager, in 2000, he worked for Computacenter and ECS. In 2008, he took the plunge and started CYC2, the company that includes Optytel.[\/vc_column_text][\/vc_column][vc_column width=&#8221;1\/3&#8243; el_class=&#8221;card-bio&#8221;][vc_single_image image=&#8221;393&#8243; &hellip;\" \/>\n<meta property=\"og:url\" content=\"https:\/\/optytel.com\/en\/about-optytel\/\" \/>\n<meta property=\"og:site_name\" content=\"Optytel\" \/>\n<meta property=\"article:modified_time\" content=\"2021-10-14T11:08:30+00:00\" \/>\n<meta name=\"twitter:card\" content=\"summary_large_image\" \/>\n<meta name=\"twitter:label1\" content=\"Est. reading time\" \/>\n\t<meta name=\"twitter:data1\" content=\"6 minutes\" \/>\n<script type=\"application\/ld+json\" class=\"yoast-schema-graph\">{\"@context\":\"https:\/\/schema.org\",\"@graph\":[{\"@type\":\"WebPage\",\"@id\":\"https:\/\/optytel.com\/en\/about-optytel\/\",\"url\":\"https:\/\/optytel.com\/en\/about-optytel\/\",\"name\":\"About Optytel - Optytel\",\"isPartOf\":{\"@id\":\"https:\/\/optytel.com\/en\/#website\"},\"datePublished\":\"2021-09-27T06:08:29+00:00\",\"dateModified\":\"2021-10-14T11:08:30+00:00\",\"breadcrumb\":{\"@id\":\"https:\/\/optytel.com\/en\/about-optytel\/#breadcrumb\"},\"inLanguage\":\"en-US\",\"potentialAction\":[{\"@type\":\"ReadAction\",\"target\":[\"https:\/\/optytel.com\/en\/about-optytel\/\"]}]},{\"@type\":\"BreadcrumbList\",\"@id\":\"https:\/\/optytel.com\/en\/about-optytel\/#breadcrumb\",\"itemListElement\":[{\"@type\":\"ListItem\",\"position\":1,\"name\":\"Home\",\"item\":\"https:\/\/optytel.com\/en\/\"},{\"@type\":\"ListItem\",\"position\":2,\"name\":\"About Optytel\"}]},{\"@type\":\"WebSite\",\"@id\":\"https:\/\/optytel.com\/en\/#website\",\"url\":\"https:\/\/optytel.com\/en\/\",\"name\":\"Optytel\",\"description\":\"Optimisation de votre telephonie mobile\",\"publisher\":{\"@id\":\"https:\/\/optytel.com\/en\/#organization\"},\"potentialAction\":[{\"@type\":\"SearchAction\",\"target\":{\"@type\":\"EntryPoint\",\"urlTemplate\":\"https:\/\/optytel.com\/en\/?s={search_term_string}\"},\"query-input\":{\"@type\":\"PropertyValueSpecification\",\"valueRequired\":true,\"valueName\":\"search_term_string\"}}],\"inLanguage\":\"en-US\"},{\"@type\":\"Organization\",\"@id\":\"https:\/\/optytel.com\/en\/#organization\",\"name\":\"Optytel\",\"url\":\"https:\/\/optytel.com\/en\/\",\"logo\":{\"@type\":\"ImageObject\",\"inLanguage\":\"en-US\",\"@id\":\"https:\/\/optytel.com\/en\/#\/schema\/logo\/image\/\",\"url\":\"https:\/\/optytel.com\/wp-content\/uploads\/2021\/07\/logo-blue-optytel.png\",\"contentUrl\":\"https:\/\/optytel.com\/wp-content\/uploads\/2021\/07\/logo-blue-optytel.png\",\"width\":500,\"height\":161,\"caption\":\"Optytel\"},\"image\":{\"@id\":\"https:\/\/optytel.com\/en\/#\/schema\/logo\/image\/\"}}]}<\/script>\n<!-- \/ Yoast SEO plugin. -->","yoast_head_json":{"title":"About Optytel - Optytel","robots":{"index":"index","follow":"follow","max-snippet":"max-snippet:-1","max-image-preview":"max-image-preview:large","max-video-preview":"max-video-preview:-1"},"canonical":"https:\/\/optytel.com\/en\/about-optytel\/","og_locale":"en_US","og_type":"article","og_title":"About Optytel - Optytel","og_description":"[vc_row type=&#8221;full-nopad&#8221;][vc_column][\/vc_column][\/vc_row][vc_row][vc_column][vc_empty_space height=&#8221;70px&#8221;][\/vc_column][\/vc_row][vc_row type=&#8221;boxed&#8221;][vc_column width=&#8221;1\/3&#8243; el_class=&#8221;card-bio&#8221;][vc_single_image image=&#8221;395&#8243; img_size=&#8221;220&#215;220&#8243; alignment=&#8221;center&#8221; style=&#8221;vc_box_circle_2&#8243;][vc_empty_space][vc_column_text]Fr\u00e9d\u00e9ric is a qualified economist, trained at the Universit\u00e9 Catholique de Louvain. Before joining Orange Business Services, as Global Account Manager, in 2000, he worked for Computacenter and ECS. In 2008, he took the plunge and started CYC2, the company that includes Optytel.[\/vc_column_text][\/vc_column][vc_column width=&#8221;1\/3&#8243; el_class=&#8221;card-bio&#8221;][vc_single_image image=&#8221;393&#8243; &hellip;","og_url":"https:\/\/optytel.com\/en\/about-optytel\/","og_site_name":"Optytel","article_modified_time":"2021-10-14T11:08:30+00:00","twitter_card":"summary_large_image","twitter_misc":{"Est. reading time":"6 minutes"},"schema":{"@context":"https:\/\/schema.org","@graph":[{"@type":"WebPage","@id":"https:\/\/optytel.com\/en\/about-optytel\/","url":"https:\/\/optytel.com\/en\/about-optytel\/","name":"About Optytel - Optytel","isPartOf":{"@id":"https:\/\/optytel.com\/en\/#website"},"datePublished":"2021-09-27T06:08:29+00:00","dateModified":"2021-10-14T11:08:30+00:00","breadcrumb":{"@id":"https:\/\/optytel.com\/en\/about-optytel\/#breadcrumb"},"inLanguage":"en-US","potentialAction":[{"@type":"ReadAction","target":["https:\/\/optytel.com\/en\/about-optytel\/"]}]},{"@type":"BreadcrumbList","@id":"https:\/\/optytel.com\/en\/about-optytel\/#breadcrumb","itemListElement":[{"@type":"ListItem","position":1,"name":"Home","item":"https:\/\/optytel.com\/en\/"},{"@type":"ListItem","position":2,"name":"About Optytel"}]},{"@type":"WebSite","@id":"https:\/\/optytel.com\/en\/#website","url":"https:\/\/optytel.com\/en\/","name":"Optytel","description":"Optimisation de votre telephonie mobile","publisher":{"@id":"https:\/\/optytel.com\/en\/#organization"},"potentialAction":[{"@type":"SearchAction","target":{"@type":"EntryPoint","urlTemplate":"https:\/\/optytel.com\/en\/?s={search_term_string}"},"query-input":{"@type":"PropertyValueSpecification","valueRequired":true,"valueName":"search_term_string"}}],"inLanguage":"en-US"},{"@type":"Organization","@id":"https:\/\/optytel.com\/en\/#organization","name":"Optytel","url":"https:\/\/optytel.com\/en\/","logo":{"@type":"ImageObject","inLanguage":"en-US","@id":"https:\/\/optytel.com\/en\/#\/schema\/logo\/image\/","url":"https:\/\/optytel.com\/wp-content\/uploads\/2021\/07\/logo-blue-optytel.png","contentUrl":"https:\/\/optytel.com\/wp-content\/uploads\/2021\/07\/logo-blue-optytel.png","width":500,"height":161,"caption":"Optytel"},"image":{"@id":"https:\/\/optytel.com\/en\/#\/schema\/logo\/image\/"}}]}},"_links":{"self":[{"href":"https:\/\/optytel.com\/en\/wp-json\/wp\/v2\/pages\/348","targetHints":{"allow":["GET"]}}],"collection":[{"href":"https:\/\/optytel.com\/en\/wp-json\/wp\/v2\/pages"}],"about":[{"href":"https:\/\/optytel.com\/en\/wp-json\/wp\/v2\/types\/page"}],"author":[{"embeddable":true,"href":"https:\/\/optytel.com\/en\/wp-json\/wp\/v2\/users\/1"}],"replies":[{"embeddable":true,"href":"https:\/\/optytel.com\/en\/wp-json\/wp\/v2\/comments?post=348"}],"version-history":[{"count":13,"href":"https:\/\/optytel.com\/en\/wp-json\/wp\/v2\/pages\/348\/revisions"}],"predecessor-version":[{"id":443,"href":"https:\/\/optytel.com\/en\/wp-json\/wp\/v2\/pages\/348\/revisions\/443"}],"wp:attachment":[{"href":"https:\/\/optytel.com\/en\/wp-json\/wp\/v2\/media?parent=348"}],"curies":[{"name":"wp","href":"https:\/\/api.w.org\/{rel}","templated":true}]}}